{"id":713,"date":"2021-05-06T13:57:52","date_gmt":"2021-05-06T13:57:52","guid":{"rendered":"https:\/\/villagreco.pl\/terms-conditions\/"},"modified":"2025-12-15T02:39:34","modified_gmt":"2025-12-15T02:39:34","slug":"regulamin","status":"publish","type":"page","link":"https:\/\/villagreco.pl\/pl\/regulamin\/","title":{"rendered":"Regulamin"},"content":{"rendered":"<h3>Warunki p\u0142atno\u015bci i rezerwacji<\/h3>\n<p>\u2022 Przedp\u0142ata: Wymagany jest depozyt w wysoko\u015bci 30% w celu potwierdzenia rezerwacji<br \/>\n\u2022 Pozosta\u0142a kwota: Pozosta\u0142e 70% p\u0142atne 30 dni przed przyjazdem<\/p>\n<p>\u2022 Minimalny pobyt: 7 nocy (mo\u017ce si\u0119 r\u00f3\u017cni\u0107 w zale\u017cno\u015bci od dost\u0119pno\u015bci)<\/p>\n<p>\u2022 Zameldowanie: 14:00<br \/>\n\u2022 Wymeldowanie: 10:30<br \/>\n\u2022 Wcze\u015bniejsze zameldowanie \/ P\u00f3\u017ane wymeldowanie: W zale\u017cno\u015bci od dost\u0119pno\u015bci<\/p>\n<h3>Zasady anulowania rezerwacji<\/h3>\n<p>\u2022 Anulacje 45 dni lub wi\u0119cej przed przyjazdem: Brak op\u0142aty za anulowanie<br \/>\n\u2022 Anulacje 44\u201315 dni przed przyjazdem: Pobierana jest op\u0142ata w wysoko\u015bci 50% ca\u0142kowitej kwoty rezerwacji<br \/>\n\u2022 Anulacje 14\u20137 dni przed przyjazdem: Pobierana jest op\u0142ata w wysoko\u015bci 75% ca\u0142kowitej kwoty rezerwacji<br \/>\n\u2022 Anulacje na mniej ni\u017c 7 dni przed przyjazdem: Pobierana jest op\u0142ata w wysoko\u015bci 100% ca\u0142kowitej kwoty rezerwacji<br \/>\n\u2022 Niepojawienie si\u0119: 100% ca\u0142kowitej kwoty rezerwacji kwota zostanie pobrana.<\/p>\n","protected":false},"excerpt":{"rendered":"<p>Warunki p\u0142atno\u015bci i rezerwacji \u2022 Przedp\u0142ata: Wymagany jest depozyt w wysoko\u015bci 30% w celu potwierdzenia rezerwacji \u2022 Pozosta\u0142a kwota: Pozosta\u0142e 70% p\u0142atne 30 dni przed przyjazdem \u2022 Minimalny pobyt: 7 nocy (mo\u017ce si\u0119 r\u00f3\u017cni\u0107 w zale\u017cno\u015bci od dost\u0119pno\u015bci) \u2022 Zameldowanie: 14:00 \u2022 Wymeldowanie: 10:30 \u2022 Wcze\u015bniejsze zameldowanie \/ P\u00f3\u017ane wymeldowanie: W zale\u017cno\u015bci od dost\u0119pno\u015bci Zasady [&hellip;]<\/p>\n","protected":false},"author":10,"featured_media":0,"parent":0,"menu_order":27,"comment_status":"closed","ping_status":"closed","template":"template-plain.php","meta":{"_acf_changed":false,"footnotes":""},"class_list":["post-713","page","type-page","status-publish","hentry"],"acf":[],"_links":{"self":[{"href":"https:\/\/villagreco.pl\/pl\/wp-json\/wp\/v2\/pages\/713","targetHints":{"allow":["GET"]}}],"collection":[{"href":"https:\/\/villagreco.pl\/pl\/wp-json\/wp\/v2\/pages"}],"about":[{"href":"https:\/\/villagreco.pl\/pl\/wp-json\/wp\/v2\/types\/page"}],"author":[{"embeddable":true,"href":"https:\/\/villagreco.pl\/pl\/wp-json\/wp\/v2\/users\/10"}],"replies":[{"embeddable":true,"href":"https:\/\/villagreco.pl\/pl\/wp-json\/wp\/v2\/comments?post=713"}],"version-history":[{"count":4,"href":"https:\/\/villagreco.pl\/pl\/wp-json\/wp\/v2\/pages\/713\/revisions"}],"predecessor-version":[{"id":1692,"href":"https:\/\/villagreco.pl\/pl\/wp-json\/wp\/v2\/pages\/713\/revisions\/1692"}],"wp:attachment":[{"href":"https:\/\/villagreco.pl\/pl\/wp-json\/wp\/v2\/media?parent=713"}],"curies":[{"name":"wp","href":"https:\/\/api.w.org\/{rel}","templated":true}]}}